{"id":7326,"date":"2017-01-10T06:23:53","date_gmt":"2017-01-10T06:23:53","guid":{"rendered":"http:\/\/themes.potenzaglobal.com\/cardealer\/?page_id=5"},"modified":"2021-10-20T13:21:08","modified_gmt":"2021-10-20T13:21:08","slug":"home","status":"publish","type":"page","link":"https:\/\/kfz-milla.de\/","title":{"rendered":"Home"},"content":{"rendered":"<p>[vc_row full_width=&#8221;stretch_row_content_no_spaces&#8221; css=&#8221;.vc_custom_1634736014037{background-color: #cecece !important;}&#8221;][vc_column][vc_column_text css=&#8221;.vc_custom_1601033015134{background-color: #000000 !important;}&#8221;]\n\t\t\t<!-- START Cardealer Slider 1 REVOLUTION SLIDER 6.1.8 --><p class=\"rs-p-wp-fix\"><\/p>\n\t\t\t<rs-module-wrap id=\"rev_slider_1_1_wrapper\" data-source=\"gallery\" style=\"background:#000000;padding:0;margin:0px auto;margin-top:0;margin-bottom:0;max-width:\">\n\t\t\t\t<rs-module id=\"rev_slider_1_1\" style=\"display:none;\" data-version=\"6.1.8\">\n\t\t\t\t\t<rs-slides>\n\t\t\t\t\t\t<rs-slide data-key=\"rs-1\" data-title=\"Slide\" data-anim=\"ei:d;eo:d;s:d;r:0;t:fade;sl:d;\">\n\t\t\t\t\t\t\t<img loading=\"lazy\" decoding=\"async\" src=\"\/\/kfz-milla.de\/wp-content\/uploads\/2020\/06\/WhatsApp-Image-2020-06-12-at-14.55.43-2.jpeg\" title=\"WhatsApp Image 2020-06-12 at 14.55.43 (2)\" width=\"1600\" height=\"380\" data-bg=\"f:contain;\" class=\"rev-slidebg\" data-no-retina>\n<!---->\t\t\t\t\t\t<\/rs-slide>\n\t\t\t\t\t<\/rs-slides>\n\t\t\t\t\t<rs-progress class=\"rs-bottom\" style=\"visibility: hidden !important;\"><\/rs-progress>\n\t\t\t\t<\/rs-module>\n\t\t\t\t<script type=\"text\/javascript\">\n\t\t\t\t\tsetREVStartSize({c: 'rev_slider_1_1',rl:[1240,1024,778,778],el:[750,768,960,960],gw:[1570,1024,778,778],gh:[750,768,960,960],type:'standard',justify:'',layout:'fullwidth',mh:\"0\"});\n\t\t\t\t\tvar\trevapi1,\n\t\t\t\t\t\ttpj;\n\t\t\t\t\tjQuery(function() {\n\t\t\t\t\t\ttpj = jQuery;\n\t\t\t\t\t\tif(tpj(\"#rev_slider_1_1\").revolution == undefined){\n\t\t\t\t\t\t\trevslider_showDoubleJqueryError(\"#rev_slider_1_1\");\n\t\t\t\t\t\t}else{\n\t\t\t\t\t\t\trevapi1 = tpj(\"#rev_slider_1_1\").show().revolution({\n\t\t\t\t\t\t\t\tjsFileLocation:\"\/\/kfz-milla.de\/wp-content\/plugins\/revslider\/public\/assets\/js\/\",\n\t\t\t\t\t\t\t\tvisibilityLevels:\"1240,1024,778,778\",\n\t\t\t\t\t\t\t\tgridwidth:\"1570,1024,778,778\",\n\t\t\t\t\t\t\t\tgridheight:\"750,768,960,960\",\n\t\t\t\t\t\t\t\tspinner:\"spinner3\",\n\t\t\t\t\t\t\t\teditorheight:\"750,768,960,720\",\n\t\t\t\t\t\t\t\tresponsiveLevels:\"1240,1024,778,778\",\n\t\t\t\t\t\t\t\tdisableProgressBar:\"on\",\n\t\t\t\t\t\t\t\tnavigation: {\n\t\t\t\t\t\t\t\t\tonHoverStop:false\n\t\t\t\t\t\t\t\t},\n\t\t\t\t\t\t\t\tscrolleffect: {\n\t\t\t\t\t\t\t\t\tset:true,\n\t\t\t\t\t\t\t\t\tmultiplicator:1.3,\n\t\t\t\t\t\t\t\t\tmultiplicator_layers:1.3,\n\t\t\t\t\t\t\t\t\tdisable_onmobile:true\n\t\t\t\t\t\t\t\t},\n\t\t\t\t\t\t\t\tsbtimeline: {\n\t\t\t\t\t\t\t\t\tset:true\n\t\t\t\t\t\t\t\t},\n\t\t\t\t\t\t\t\tfallbacks: {\n\t\t\t\t\t\t\t\t\tallowHTML5AutoPlayOnAndroid:true\n\t\t\t\t\t\t\t\t},\n\t\t\t\t\t\t\t});\n\t\t\t\t\t\t}\n\t\t\t\t\t\t\n\t\t\t\t\t});\n\t\t\t\t<\/script>\n\t\t\t\t<script>\n\t\t\t\t\tvar htmlDivCss = '\t#rev_slider_1_1_wrapper rs-loader.spinner3 div { background-color: #FFFFFF !important; } ';\n\t\t\t\t\tvar htmlDiv = document.getElementById('rs-plugin-settings-inline-css');\n\t\t\t\t\tif(htmlDiv) {\n\t\t\t\t\t\thtmlDiv.innerHTML = htmlDiv.innerHTML + htmlDivCss;\n\t\t\t\t\t}else{\n\t\t\t\t\t\tvar htmlDiv = document.createElement('div');\n\t\t\t\t\t\thtmlDiv.innerHTML = '<style>' + htmlDivCss + '<\/style>';\n\t\t\t\t\t\tdocument.getElementsByTagName('head')[0].appendChild(htmlDiv.childNodes[0]);\n\t\t\t\t\t}\n\t\t\t\t<\/script>\n\t\t\t<\/rs-module-wrap>\n\t\t\t<!-- END REVOLUTION SLIDER -->\n<\/p>\n<p>[\/vc_column_text][\/vc_column][\/vc_row][vc_row][vc_column]\t<div id=\"cd_space_69fb29e516edf\" class=\"cd-space cd-space-69fb29e516f31\" data-id=\"69fb29e516ede\" data-tablet=\"70\" data-tablet-portrait=\"60\" data-mobile=\"50\" data-mobile-portrait=\"40\" data-desktop=\"80\" style=\"clear:both; display:block;\"><\/div>\n\t[vc_column_text]Wir bieten Ihnen mit unseren hochmodernen Diagnoseger\u00e4ten zuverl\u00e4ssige Serviceleistungen sowie professionelle und freundliche Beratung.<\/p>\n<p>Egal ob es um regelm\u00e4\u00dfige Inspektionen, kleinere Wartungen, gr\u00f6\u00dfere Sch\u00e4den\u00a0oder Glasreparaturen geht \u2013 wir haben die richtige Antwort auf alle Ihre Fragen.<\/p>\n<p>Ihr KFZ-Meister f\u00fcr alle Marken<\/p>\n<p>&nbsp;<\/p>\n<p>&nbsp;<\/p>\n<p>[\/vc_column_text][vc_column_text][\/vc_column_text][\/vc_column][\/vc_row][vc_row][vc_column width=&#8221;1\/3&#8243;]\t<div id=\"cd_feature_box_cd_feature_box_69fb29e516f64\" class=\"feature-box feature-border style-2 round-icon left no-image\t\t\t\t\t\t\">\n\t\t\t\t<div class=\"icon\">\n\t\t\t<i class=\"fas fa-info-circle\"><\/i>\n\t\t<\/div>\n\t\t<div class=\"content\">\n\t\t\t<a  id=\"cd_feature_box_69fb29e516f64\">        \t\t\n\t\t\t\t<h6>JEDER AUFTRAG IST INDIVIDUELL<\/h6>\t\t\t<\/a>\n\t\t\t<p>Ob Kundendienst oder Routine-Check vor dem Urlaub \u2013 unsere zertifizierte Fachwerkstatt k\u00fcmmert sich um Wartung und Inspektion Ihres Fahrzeugs.<\/p>\t\t<\/div>\n\t<\/div>\n\t[\/vc_column][vc_column width=&#8221;1\/3&#8243;]\t<div id=\"cd_feature_box_cd_feature_box_69fb29e516fbb\" class=\"feature-box feature-border style-2 round-icon left no-image\t\t\t\t\t\t\">\n\t\t\t\t<div class=\"icon\">\n\t\t\t<i class=\"fas fa-info-circle\"><\/i>\n\t\t<\/div>\n\t\t<div class=\"content\">\n\t\t\t<a  id=\"cd_feature_box_69fb29e516fbb\">        \t\t\n\t\t\t\t<h6>NUR HOCHWERTIGE PRODUKTE<\/h6>\t\t\t<\/a>\n\t\t\t<p>Qualit\u00e4t bedeutet f\u00fcr uns, dass nur Ersatzteile in Erstausr\u00fcsterqualit\u00e4t und Originalteile verwendet werden. Hochwertige Produkte und unsere perfekte Serviceleistung sind die Basis f\u00fcr Ihre Zufriedenheit.<\/p>\t\t<\/div>\n\t<\/div>\n\t[\/vc_column][vc_column width=&#8221;1\/3&#8243;]\t<div id=\"cd_feature_box_cd_feature_box_69fb29e516fe0\" class=\"feature-box feature-border style-2 round-icon left no-image\t\t\t\t\t\t\">\n\t\t\t\t<div class=\"icon\">\n\t\t\t<i class=\"fas fa-info-circle\"><\/i>\n\t\t<\/div>\n\t\t<div class=\"content\">\n\t\t\t<a  id=\"cd_feature_box_69fb29e516fe0\">        \t\t\n\t\t\t\t<h6>H\u00d6CHSTE QUALIT\u00c4TSSTANDARDS<\/h6>\t\t\t<\/a>\n\t\t\t<p>Qualit\u00e4t, Pr\u00e4zision und kurze Wartezeiten \u2013 das steht bei unserem Betrieb im Vordergrund. Das qualifizierte Fachpersonal und die moderne Technik machen\u2018s m\u00f6glich.<\/p>\t\t<\/div>\n\t<\/div>\n\t[\/vc_column][\/vc_row][vc_row][vc_column][\/vc_column][\/vc_row]<\/p>\n","protected":false},"excerpt":{"rendered":"<p>[vc_row full_width=&#8221;stretch_row_content_no_spaces&#8221; css=&#8221;.vc_custom_1634736014037{background-color: #cecece !important;}&#8221;][vc_column][vc_column_text css=&#8221;.vc_custom_1601033015134{background-color: #000000 !important;}&#8221;] [\/vc_column_text][\/vc_column][\/vc_row][vc_row][vc_column][vc_column_text]Wir bieten Ihnen mit unseren hochmodernen Diagnoseger\u00e4ten zuverl\u00e4ssige Serviceleistungen sowie professionelle und freundliche Beratung. Egal ob es um regelm\u00e4\u00dfige Inspektionen, kleinere Wartungen, gr\u00f6\u00dfere Sch\u00e4den\u00a0oder Glasreparaturen geht \u2013 wir haben die richtige Antwort auf alle Ihre Fragen. Ihr KFZ-Meister f\u00fcr alle Marken &nbsp; &nbsp; [\/vc_column_text][vc_column_text][\/vc_column_text][\/vc_column][\/vc_row][vc_row][vc_column width=&#8221;1\/3&#8243;][\/vc_column][vc_column width=&#8221;1\/3&#8243;][\/vc_column][vc_column width=&#8221;1\/3&#8243;][\/vc_column][\/vc_row][vc_row][vc_column][\/vc_column][\/vc_row]<\/p>\n","protected":false},"author":2,"featured_media":0,"parent":0,"menu_order":0,"comment_status":"closed","ping_status":"closed","template":"templates\/page-vc_compatible.php","meta":{"footnotes":""},"class_list":["post-7326","page","type-page","status-publish","hentry"],"_links":{"self":[{"href":"https:\/\/kfz-milla.de\/index.php?rest_route=\/wp\/v2\/pages\/7326","targetHints":{"allow":["GET"]}}],"collection":[{"href":"https:\/\/kfz-milla.de\/index.php?rest_route=\/wp\/v2\/pages"}],"about":[{"href":"https:\/\/kfz-milla.de\/index.php?rest_route=\/wp\/v2\/types\/page"}],"author":[{"embeddable":true,"href":"https:\/\/kfz-milla.de\/index.php?rest_route=\/wp\/v2\/users\/2"}],"replies":[{"embeddable":true,"href":"https:\/\/kfz-milla.de\/index.php?rest_route=%2Fwp%2Fv2%2Fcomments&post=7326"}],"version-history":[{"count":142,"href":"https:\/\/kfz-milla.de\/index.php?rest_route=\/wp\/v2\/pages\/7326\/revisions"}],"predecessor-version":[{"id":8780,"href":"https:\/\/kfz-milla.de\/index.php?rest_route=\/wp\/v2\/pages\/7326\/revisions\/8780"}],"wp:attachment":[{"href":"https:\/\/kfz-milla.de\/index.php?rest_route=%2Fwp%2Fv2%2Fmedia&parent=7326"}],"curies":[{"name":"wp","href":"https:\/\/api.w.org\/{rel}","templated":true}]}}