{"id":8221,"date":"2020-06-18T08:45:48","date_gmt":"2020-06-18T08:45:48","guid":{"rendered":"https:\/\/www.kfz-milla.de\/?page_id=8221"},"modified":"2020-07-30T18:03:38","modified_gmt":"2020-07-30T18:03:38","slug":"test","status":"publish","type":"page","link":"https:\/\/kfz-milla.de\/?page_id=8221","title":{"rendered":"Dienstleistungen"},"content":{"rendered":"<p>[vc_row][vc_column][vc_column_text]Unseren Kunden bieten wir als freier Kfz-Meisterbetrieb umfassende Leistungen in allen Bereichen des Kfz-Gewerbes. Wir sind stetig bestrebt unseren Kunden nicht nur die h\u00f6chsten Qualit\u00e4tsstandards zu bieten, sondern auch unsere Serviceleistungen genau auf Ihre Bed\u00fcrfnisse abzustimmen. Nat\u00fcrlich erhalten unsere Kunden die Serviceleistungen zu fairen Preisen.<\/p>\n<p>Mit umfangreichen Service- und Werkstattleistungen stellen wir uns t\u00e4glich der Aufgabe, Ihre Mobilit\u00e4t sicherzustellen. Egal ob es um regelm\u00e4\u00dfige Inspektionen, kleinere Wartungen, gr\u00f6\u00dfere Sch\u00e4den oder Glasreparaturen geht\u00a0 \u2013 wir haben die richtige Antwort auf alle Ihre Fragen rund um das Auto.<\/p>\n<p>Da uns die Kundenzufriedenheit au\u00dferordentlich wichtig ist, bieten wir unseren Kunden ein breites Leistungsportfolio, angefangen bei Reparaturen und Wartungen, \u00fcber Reifen- und Klimaservice, bis hin zum Neu- und Gebrauchtwagenhandel.<\/p>\n<p>Sollten Sie Fragen haben oder ein unverbindliches Angebot w\u00fcnschen, dann wenden Sie sich einfach telefonisch unter der 05941 \u2013 7199955 an uns.<\/p>\n<p>Wir freuen uns auf Ihren Anruf.<\/p>\n<p>&nbsp;[\/vc_column_text][\/vc_column][\/vc_row][vc_row][vc_column]\t<div id=\"cd_feature_box_cd_feature_box_69dec513d314d\" class=\"feature-box feature-border style-2 round-icon left no-image\t\t\t\t\t\t\">\n\t\t\t\t<div class=\"icon\">\n\t\t\t<i class=\"fas fa-info-circle\"><\/i>\n\t\t<\/div>\n\t\t<div class=\"content\">\n\t\t\t<a  id=\"cd_feature_box_69dec513d314d\">        \t\t\n\t\t\t\t<h6>Reifenservice<\/h6>\t\t\t<\/a>\n\t\t\t<p>Ob PKW- oder Motorradreifen. Wuchten, Montage und neue Ventile das geh\u00f6rt zu einem guten R\u00e4derwechsel dazu.<br \/>\nDer Reifenwechsel sollte zwei Mal im Jahr erfolgen, denn nur ein auf die Wetterverh\u00e4ltnisse angepasstes Reifenprofil gew\u00e4hrleistet eine optimale Stra\u00dfenhaftung.<br \/>\nEine g\u00e4ngige Reifengr\u00f6\u00dfe oder Niederquerschnittsreifen, Reifendruckkontrollsysteme und alles was dazu geh\u00f6rt - f\u00fcr uns alles kein Problem!<br \/>\nNat\u00fcrlich bieten wir R\u00e4dereinlagerung und Altreifenentsorgung an.<\/p>\t\t<\/div>\n\t<\/div>\n\t[vc_single_image image=&#8221;8466&#8243; alignment=&#8221;center&#8221; onclick=&#8221;link_image&#8221;][\/vc_column][\/vc_row][vc_row][vc_column]\t<div id=\"cd_feature_box_cd_feature_box_69dec513d31e8\" class=\"feature-box feature-border style-2 round-icon left no-image\t\t\t\t\t\t\">\n\t\t\t\t<div class=\"icon\">\n\t\t\t<i class=\"fas fa-info-circle\"><\/i>\n\t\t<\/div>\n\t\t<div class=\"content\">\n\t\t\t<a  id=\"cd_feature_box_69dec513d31e8\">        \t\t\n\t\t\t\t<h6>ANH\u00c4NGER, TRANSPORTER, WOHNMOBILE UND WOHNWAGEN<\/h6>\t\t\t<\/a>\n\t\t\t<p>Wir bieten Service und Reparaturen aller Art f\u00fcr Anh\u00e4nger, Transporter, Wohnmobile und Wohnanh\u00e4nger an.<br \/>\nAuf Wunsch f\u00fchren wir in Zusammenarbeit mit amtlich anerkannten Pr\u00fcforganisationen Gaspr\u00fcfungen f\u00fcr Wohnmobile und Wohnwagen durch.<\/p>\t\t<\/div>\n\t<\/div>\n\t[vc_single_image image=&#8221;8137&#8243; alignment=&#8221;center&#8221; onclick=&#8221;link_image&#8221;][\/vc_column][\/vc_row][vc_row][vc_column]\t<div id=\"cd_feature_box_cd_feature_box_69dec513d321e\" class=\"feature-box feature-border style-2 round-icon left no-image\t\t\t\t\t\t\">\n\t\t\t\t<div class=\"icon\">\n\t\t\t<i class=\"fas fa-info-circle\"><\/i>\n\t\t<\/div>\n\t\t<div class=\"content\">\n\t\t\t<a  id=\"cd_feature_box_69dec513d321e\">        \t\t\n\t\t\t\t<h6>HAUPTUNTERSUCHUNG<\/h6>\t\t\t<\/a>\n\t\t\t<p>Die Hauptuntersuchung (HU) ist gesetzlich vorgeschrieben und muss regelm\u00e4\u00dfig durchgef\u00fchrt werden. Seit 2010 ist die Abgasuntersuchung (AU) in die HU integriert.<br \/>\nEgal ob PKW, Anh\u00e4nger, Transporter, Wohnmobil oder Wohnwagen - zur HU\/AU m\u00fcssen, laut gesetzlicher Vorschrift, alle Typen regelm\u00e4\u00dfig.<br \/>\nDie Abgasuntersuchung (AU) machen wir pers\u00f6nlich. Die Hauptuntersuchung (HU) wird in Zusammenarbeit mit amtlich anerkannten Pr\u00fcforganisation, wie DEKRA oder T\u00dcV NORD direkt bei uns in der Werkstatt durchgef\u00fchrt. Die regelm\u00e4\u00dfigen Termine finden jeweils Montag, Donnertag und Freitag statt.<\/p>\t\t<\/div>\n\t<\/div>\n\t[vc_single_image image=&#8221;8122&#8243; alignment=&#8221;center&#8221; onclick=&#8221;link_image&#8221;][\/vc_column][\/vc_row][vc_row][vc_column]\t<div id=\"cd_feature_box_cd_feature_box_69dec513d3244\" class=\"feature-box feature-border style-2 round-icon left no-image\t\t\t\t\t\t\">\n\t\t\t\t<div class=\"icon\">\n\t\t\t<i class=\"fas fa-info-circle\"><\/i>\n\t\t<\/div>\n\t\t<div class=\"content\">\n\t\t\t<a  id=\"cd_feature_box_69dec513d3244\">        \t\t\n\t\t\t\t<h6>UNFALLINSTANDSETZUNG<\/h6>\t\t\t<\/a>\n\t\t\t<p>Ob massive Unfallsch\u00e4den oder kleine Macken \u2013 die Karosserieinstandsetzung ist in jedem Fall Vertrauenssache. Aus diesem Grund unterliegen wir als Fachbetrieb f\u00fcr die Karosserie- und Unfallinstandsetzung dem \u201eGesetz zur Ordnung des Handwerks\u201d.<br \/>\nSelbstverst\u00e4ndlich erstellen wir Kostenvoranschl\u00e4ge, Gutachten in einem Schadensfall und k\u00fcmmern uns um die Abwicklung mit der Versicherung.<\/p>\t\t<\/div>\n\t<\/div>\n\t[vc_single_image image=&#8221;8135&#8243; alignment=&#8221;center&#8221; onclick=&#8221;link_image&#8221;][\/vc_column][\/vc_row][vc_row][vc_column]\t<div id=\"cd_feature_box_cd_feature_box_69dec513d3267\" class=\"feature-box feature-border style-2 round-icon left no-image\t\t\t\t\t\t\">\n\t\t\t\t<div class=\"icon\">\n\t\t\t<i class=\"fas fa-info-circle\"><\/i>\n\t\t<\/div>\n\t\t<div class=\"content\">\n\t\t\t<a  id=\"cd_feature_box_69dec513d3267\">        \t\t\n\t\t\t\t<h6>INSPEKTION<\/h6>\t\t\t<\/a>\n\t\t\t<p>Die regelm\u00e4\u00dfige Inspektion gew\u00e4hrleistet den einwandfreien Betriebszustand Ihres Fahrzeugs und damit die Sicherheit der Insassen und anderer Verkehrsteilnehmer.<br \/>\nWir bieten sowohl kleine als auch gro\u00dfe Inspektion nach Herstellervorgaben an.<br \/>\nWir verwenden Ersatzteile in Originalteil-Qualit\u00e4t, qualitativ hochwertige Motor\u00f6le vom Fass. Dazu bekommen Sie einen verbindlichen Eintrag ins Serviceheft.<br \/>\nDie Erhaltung der Herstellergarantie ist damit gew\u00e4hrleistet.<\/p>\t\t<\/div>\n\t<\/div>\n\t[vc_single_image image=&#8221;8124&#8243; alignment=&#8221;center&#8221; onclick=&#8221;link_image&#8221;][\/vc_column][\/vc_row][vc_row][vc_column]\t<div id=\"cd_feature_box_cd_feature_box_69dec513d328d\" class=\"feature-box feature-border style-2 round-icon left no-image\t\t\t\t\t\t\">\n\t\t\t\t<div class=\"icon\">\n\t\t\t<i class=\"fas fa-info-circle\"><\/i>\n\t\t<\/div>\n\t\t<div class=\"content\">\n\t\t\t<a  id=\"cd_feature_box_69dec513d328d\">        \t\t\n\t\t\t\t<h6>KLIMASERVICE<\/h6>\t\t\t<\/a>\n\t\t\t<p>Wie bieten professionelle Klimaanlagenwartung und Klimadesinfektion f\u00fcr Fahrzeuge mit K\u00e4ltemittel R1234yf und R134a an.<br \/>\nEin Klimaservice beinhaltet<br \/>\n\u2022 Wartung mit Funktions- und Sichtpr\u00fcfung<br \/>\n\u2022 Wechsel- und Auff\u00fcllen des K\u00e4ltemittels<br \/>\n\u2022 Erg\u00e4nzung vom \u00d6l f\u00fcr Kompressor<br \/>\n\u2022 Dichtheitspr\u00fcfung<br \/>\n\u2022 Desinfektion<br \/>\n\u2022 Erneuerung des Pollenfilters<\/p>\t\t<\/div>\n\t<\/div>\n\t[vc_single_image image=&#8221;8120&#8243; alignment=&#8221;center&#8221; onclick=&#8221;link_image&#8221;][\/vc_column][\/vc_row][vc_row][vc_column]\t<div id=\"cd_feature_box_cd_feature_box_69dec513d32af\" class=\"feature-box feature-border style-2 round-icon left no-image\t\t\t\t\t\t\">\n\t\t\t\t<div class=\"icon\">\n\t\t\t<i class=\"fas fa-info-circle\"><\/i>\n\t\t<\/div>\n\t\t<div class=\"content\">\n\t\t\t<a  id=\"cd_feature_box_69dec513d32af\">        \t\t\n\t\t\t\t<h6>MOTORDIAGNOSE<\/h6>\t\t\t<\/a>\n\t\t\t<p>Wenn die entsprechende Kontrollleuchte im Cockpit blinkt, wird es Zeit den Fehlerspeicher auslesen zu lassen. Mithilfe elektrischer Spannung und Sensoren misst ein Fahrzeugdiagnosesystem - bei neueren Fahrzeugen meist die On-Board-Diagnose (OBD) - laufend technische Daten Ihres Autos.<br \/>\nDiese und vor allem Fehlfunktionen oder auch Sch\u00e4den werden gespeichert und ggf. \u00fcber das Cockpit gemeldet. Das erleichtert uns eine gezielte \u00dcberpr\u00fcfung und Reparatur Ihres Wagens und spart Ihnen dadurch Zeit und Kosten.<\/p>\n<p>Dazu geh\u00f6rt:<\/p>\n<ul>\n<li>Fehlerspeicher Auslesen mittels spezieller hochmoderner Diagnoseger\u00e4te.<\/li>\n<li>Fehlerspeicher L\u00f6schen (sporadische Fehler oder nach Reparatur)<\/li>\n<li>Pr\u00fcfung von fehlerverursachenden Bauteilen (Sichtpr\u00fcfung) in Abh\u00e4ngigkeit des Fehlers (Bsp. Fehlermeldung eines defekten Bauteils)<\/li>\n<li>Ggf. Erstellung eines Angebots zur Behebung der identifizierten M\u00e4ngel, sofern keine Eingangsdiagnose f\u00fcr die genaue Feststellung des Fehlers erforderlich ist.<\/p>\t\t<\/div>\n\t<\/div>\n\t[vc_single_image image=&#8221;8464&#8243; alignment=&#8221;center&#8221; onclick=&#8221;link_image&#8221;][\/vc_column][\/vc_row][vc_row][vc_column]\t<div id=\"cd_feature_box_cd_feature_box_69dec513d32cc\" class=\"feature-box feature-border style-2 round-icon left no-image\t\t\t\t\t\t\">\n\t\t\t\t<div class=\"icon\">\n\t\t\t<i class=\"fas fa-info-circle\"><\/i>\n\t\t<\/div>\n\t\t<div class=\"content\">\n\t\t\t<a  id=\"cd_feature_box_69dec513d32cc\">        \t\t\n\t\t\t\t<h6>ACHSVERMESSUNG<\/h6>\t\t\t<\/a>\n\t\t\t<p>Eine mangelhafte Achsgeometrie tritt h\u00e4ufiger auf als Sie denken. Deshalb empfehlen wir eine regelm\u00e4\u00dfige Achsvermessung.<br \/>\nDie Achsvermessung beinhaltet eine Pr\u00fcfung der gesamten Achsgeometrie mit modernster Diagnosetechnik f\u00fcr PKW und Transporter.<br \/>\nEin Protokoll mit Vorher-Nachher-Vergleich erhalten Sie bei uns auf Wunsch dazu.<\/p>\t\t<\/div>\n\t<\/div>\n\t[vc_single_image image=&#8221;8172&#8243; alignment=&#8221;center&#8221; onclick=&#8221;link_image&#8221;][\/vc_column][\/vc_row][vc_row][vc_column]\t<div id=\"cd_feature_box_cd_feature_box_69dec513d32fa\" class=\"feature-box feature-border style-2 round-icon left no-image\t\t\t\t\t\t\">\n\t\t\t\t<div class=\"icon\">\n\t\t\t<i class=\"fas fa-info-circle\"><\/i>\n\t\t<\/div>\n\t\t<div class=\"content\">\n\t\t\t<a  id=\"cd_feature_box_69dec513d32fa\">        \t\t\n\t\t\t\t<h6>GLASREPARATUR- UND AUSTAUSCHSERVICE<\/h6>\t\t\t<\/a>\n\t\t\t<p>Riss- oder Steinschlag in der Windschutzscheibe, wir reparieren oder tauschen aus.<br \/>\nF\u00fcr Kaskoversicherte werden in der Regel die Kosten vollst\u00e4ndig von Ihrer Versicherung \u00fcbernommen. Um die Abwicklung der Formalit\u00e4ten k\u00fcmmern wir uns f\u00fcr Sie.<\/p>\t\t<\/div>\n\t<\/div>\n\t[vc_single_image image=&#8221;8118&#8243; alignment=&#8221;center&#8221; onclick=&#8221;link_image&#8221;][\/vc_column][\/vc_row][vc_row][vc_column]\t<div id=\"cd_feature_box_cd_feature_box_69dec513d3316\" class=\"feature-box feature-border style-2 round-icon left no-image\t\t\t\t\t\t\">\n\t\t\t\t<div class=\"icon\">\n\t\t\t<i class=\"fas fa-info-circle\"><\/i>\n\t\t<\/div>\n\t\t<div class=\"content\">\n\t\t\t<a  id=\"cd_feature_box_69dec513d3316\">        \t\t\n\t\t\t\t<h6>MOTORRADSERVICE UND INSTANDSETZUNG<\/h6>\t\t\t<\/a>\n\t\t\t<p>Wir bieten Motorradservice und Motorradreparaturen f\u00fcr alle Marken und Hersteller. Ob Reifen oder Kettens\u00e4tze, Inspektionen oder Bremsen, bei uns sind Sie richtig!<\/p>\t\t<\/div>\n\t<\/div>\n\t[vc_single_image image=&#8221;8116&#8243; alignment=&#8221;center&#8221; onclick=&#8221;link_image&#8221;][\/vc_column][\/vc_row][vc_row][vc_column][vc_column_text]<\/li>\n<\/ul>\n<p>[\/vc_column_text][\/vc_column][\/vc_row]<\/p>\n","protected":false},"excerpt":{"rendered":"<p>[vc_row][vc_column][vc_column_text]Unseren Kunden bieten wir als freier Kfz-Meisterbetrieb umfassende Leistungen in allen Bereichen des Kfz-Gewerbes. Wir sind stetig bestrebt unseren Kunden nicht nur die h\u00f6chsten Qualit\u00e4tsstandards zu bieten, sondern auch unsere Serviceleistungen genau auf Ihre Bed\u00fcrfnisse abzustimmen. Nat\u00fcrlich erhalten unsere Kunden die Serviceleistungen zu fairen Preisen. Mit umfangreichen Service- und Werkstattleistungen stellen wir uns t\u00e4glich der [&hellip;]<\/p>\n","protected":false},"author":2,"featured_media":0,"parent":0,"menu_order":0,"comment_status":"closed","ping_status":"closed","template":"templates\/cardealer-front-submission.php","meta":{"footnotes":""},"class_list":["post-8221","page","type-page","status-publish","hentry"],"_links":{"self":[{"href":"https:\/\/kfz-milla.de\/index.php?rest_route=\/wp\/v2\/pages\/8221","targetHints":{"allow":["GET"]}}],"collection":[{"href":"https:\/\/kfz-milla.de\/index.php?rest_route=\/wp\/v2\/pages"}],"about":[{"href":"https:\/\/kfz-milla.de\/index.php?rest_route=\/wp\/v2\/types\/page"}],"author":[{"embeddable":true,"href":"https:\/\/kfz-milla.de\/index.php?rest_route=\/wp\/v2\/users\/2"}],"replies":[{"embeddable":true,"href":"https:\/\/kfz-milla.de\/index.php?rest_route=%2Fwp%2Fv2%2Fcomments&post=8221"}],"version-history":[{"count":19,"href":"https:\/\/kfz-milla.de\/index.php?rest_route=\/wp\/v2\/pages\/8221\/revisions"}],"predecessor-version":[{"id":8467,"href":"https:\/\/kfz-milla.de\/index.php?rest_route=\/wp\/v2\/pages\/8221\/revisions\/8467"}],"wp:attachment":[{"href":"https:\/\/kfz-milla.de\/index.php?rest_route=%2Fwp%2Fv2%2Fmedia&parent=8221"}],"curies":[{"name":"wp","href":"https:\/\/api.w.org\/{rel}","templated":true}]}}